{"id":79,"date":"2021-05-18T12:37:41","date_gmt":"2021-05-18T12:37:41","guid":{"rendered":"https:\/\/divergiendo.com\/index.php\/academics\/"},"modified":"2025-07-15T18:23:57","modified_gmt":"2025-07-15T18:23:57","slug":"servicios","status":"publish","type":"page","link":"https:\/\/divergiendo.com\/index.php\/servicios\/","title":{"rendered":"Servicios"},"content":{"rendered":"\n<div class=\"wp-block-uagb-container uagb-block-df0ec7be alignfull uagb-is-root-container\"><div class=\"uagb-container-inner-blocks-wrap\">\n<div class=\"wp-block-uagb-advanced-heading uagb-block-c727089c\"><h2 class=\"uagb-heading-text\">Servicios<\/h2><\/div>\n<\/div><\/div>\n\n\n\n<div class=\"wp-block-uagb-container uagb-block-9687b0a7 alignfull uagb-is-root-container\"><div class=\"uagb-container-inner-blocks-wrap\">\n<div class=\"wp-block-uagb-advanced-heading uagb-block-87890edd\"><h2 class=\"uagb-heading-text\">De neurodivergente a neurodivergente<\/h2><\/div>\n\n\n\n<div class=\"wp-block-uagb-container uagb-block-9c19a4dd\">\n<div class=\"wp-block-uagb-advanced-heading uagb-block-8f3fff58\"><div class=\"uagb-separator\"><\/div><p class=\"uagb-heading-text\">Nuestros servicios buscan mejorar la calidad de vida de las personas neurodivergentes. <strong>En ning\u00fan caso se promueven terapias o mecanismos de adaptaci\u00f3n da\u00f1inos para la persona.<\/strong><\/p><\/div>\n\n\n\n<div class=\"wp-block-uagb-advanced-heading uagb-block-f9589b2c\"><p class=\"uagb-heading-text\">No solo trabajamos desde nuestros \u00e1mbitos profesionales sino tambi\u00e9n desde <strong>nuestra experiencia en primera persona como neurodivergentes <\/strong>, lo que nos proporciona un mayor entendimiento de las necesidades.<\/p><\/div>\n<\/div>\n<\/div><\/div>\n\n\n\n<div class=\"wp-block-uagb-container uagb-block-9d8f8589 alignfull uagb-is-root-container\"><div class=\"uagb-container-inner-blocks-wrap\">\n<div class=\"wp-block-uagb-info-box uagb-block-a94e8c8c uagb-infobox__content-wrap  uagb-infobox-icon-left uagb-infobox-left uagb-infobox-stacked-mobile uagb-infobox-image-valign-middle\"><div class=\"uagb-ifb-image-content\"><img decoding=\"async\" src=\"https:\/\/divergiendo.com\/wp-content\/uploads\/2023\/07\/infinity-6280756_1280-300x150.png\" alt=\"\" width=\"300\" height=\"150\" loading=\"lazy\"\/><\/div><div class=\"uagb-ifb-content\"><div class=\"uagb-ifb-title-wrap\"><h3 class=\"uagb-ifb-title\">Asesor\u00eda a neurodivergentes<\/h3><\/div><p class=\"uagb-ifb-desc\">Este es un servicio ofrecido exclusivamente a personas neurodivergentes, que sospechan serlo, o personas a cargo de neurodivergentes. Es un servicio <strong>GRATUITO<\/strong> donde se ofrece asesor\u00eda sobre: resolver dudas sobre sospecha de neurodivergencia, pasos para realizar el diagn\u00f3stico, pasos para solicitar la discapacidad, etc.<\/p><\/div><\/div>\n\n\n\n<div class=\"wp-block-uagb-info-box uagb-block-75221e83 uagb-infobox__content-wrap  uagb-infobox-icon-left uagb-infobox-left uagb-infobox-stacked-mobile uagb-infobox-image-valign-middle\"><div class=\"uagb-ifb-image-content\"><img decoding=\"async\" src=\"https:\/\/divergiendo.com\/wp-content\/uploads\/2023\/07\/laptop-3076957_1280-300x200.jpg\" alt=\"\" width=\"300\" height=\"200\" loading=\"lazy\"\/><\/div><div class=\"uagb-ifb-content\"><div class=\"uagb-ifb-title-wrap\"><h3 class=\"uagb-ifb-title\">Evaluaci\u00f3n diagn\u00f3stica<\/h3><\/div><p class=\"uagb-ifb-desc\">Este servicio es para evaluar las sospechas de neurodivergencias (autismo, tdah, aacc, etc.) o de dificultades del aprendizaje. Se llevan a cabo diferentes sesiones en las que se hacen entrevistas y se utilizan diferentes instrumentos de evaluaci\u00f3n. Se entrega informe con las impresiones diagn\u00f3sticas, pautas, etc.<\/p><\/div><\/div>\n\n\n\n<div class=\"wp-block-uagb-info-box uagb-block-054d201a uagb-infobox__content-wrap  uagb-infobox-icon-left uagb-infobox-left uagb-infobox-stacked-mobile uagb-infobox-image-valign-middle\"><div class=\"uagb-ifb-image-content\"><img decoding=\"async\" src=\"https:\/\/divergiendo.com\/wp-content\/uploads\/2023\/08\/IMG_2214-300x225.jpg\" alt=\"\" width=\"300\" height=\"225\" loading=\"lazy\"\/><\/div><div class=\"uagb-ifb-content\"><div class=\"uagb-ifb-title-wrap\"><h3 class=\"uagb-ifb-title\">Sala sensorial<\/h3><\/div><p class=\"uagb-ifb-desc\">Contamos con una sala sensorial enfocada a la regulaci\u00f3n sensorial, donde poder hacer&nbsp;<em>stimming<\/em>&nbsp;(regulaci\u00f3n sensorial) libremente. La usamos especialmente en nuestras sesiones con infancias, pero tambi\u00e9n con adolescentes que lo deseen.<\/p><\/div><\/div>\n\n\n\n<div class=\"wp-block-uagb-info-box uagb-block-ccc8ead2 uagb-infobox__content-wrap  uagb-infobox-icon-left uagb-infobox-left uagb-infobox-stacked-mobile uagb-infobox-image-valign-middle\"><div class=\"uagb-ifb-image-content\"><img decoding=\"async\" src=\"https:\/\/divergiendo.com\/wp-content\/uploads\/2023\/07\/kid-5020226_1280-300x200.jpg\" alt=\"\" width=\"300\" height=\"200\" loading=\"lazy\"\/><\/div><div class=\"uagb-ifb-content\"><div class=\"uagb-ifb-title-wrap\"><h3 class=\"uagb-ifb-title\">Apoyo pedag\u00f3gico<\/h3><\/div><p class=\"uagb-ifb-desc\">Este servicio consiste en sesiones de 1 hora de duraci\u00f3n aprox. en las que se trabajan los desaf\u00edos en la: lectoescritura, motricidad, funciones ejecutivas, etc. En las primeras sesiones observamos, creamos v\u00ednculo y determinamos las dificultades presentes para planificar el trabajo. Desde la infancia&nbsp;<strong>hasta la adolescencia incluida.<\/strong><\/p><\/div><\/div>\n\n\n\n<div class=\"wp-block-uagb-info-box uagb-block-eae64070 uagb-infobox__content-wrap  uagb-infobox-icon-left uagb-infobox-left uagb-infobox-stacked-mobile uagb-infobox-image-valign-middle\"><div class=\"uagb-ifb-image-content\"><img decoding=\"async\" src=\"https:\/\/divergiendo.com\/wp-content\/uploads\/2023\/07\/madre-e-hijo-divirtiendose-300x200.jpg\" alt=\"\" width=\"300\" height=\"200\" loading=\"lazy\"\/><\/div><div class=\"uagb-ifb-content\"><div class=\"uagb-ifb-title-wrap\"><h3 class=\"uagb-ifb-title\">Estimulaci\u00f3n temprana<\/h3><\/div><p class=\"uagb-ifb-desc\">Servicio dirigido a infancias hasta los 6 a\u00f1os donde se eval\u00faan y trabajan: aspectos motrices,  cognitivos, autonom\u00eda, etc. Las sesiones son de 1 h aprox.<\/p><\/div><\/div>\n\n\n\n<div class=\"wp-block-uagb-info-box uagb-block-f70f8b5f uagb-infobox__content-wrap  uagb-infobox-icon-left uagb-infobox-left uagb-infobox-stacked-mobile uagb-infobox-image-valign-middle\"><div class=\"uagb-ifb-image-content\"><img decoding=\"async\" src=\"https:\/\/divergiendo.com\/wp-content\/uploads\/2025\/07\/composicion-de-la-vista-superior-con-diferentes-expresiones-300x200.jpg\" alt=\"\" width=\"300\" height=\"200\" loading=\"lazy\"\/><\/div><div class=\"uagb-ifb-content\"><div class=\"uagb-ifb-title-wrap\"><h3 class=\"uagb-ifb-title\">Psicolog\u00eda<\/h3><\/div><p class=\"uagb-ifb-desc\">Acompa\u00f1amiento emocional con enfoque sist\u00e9mico y neuroafirmativo, teniendo en cuenta los v\u00ednculos y contextos que influyen en la persona. Ofreciendo estrategias y herramientas que promuevan el bienestar, la autonom\u00eda y la comprensi\u00f3n mutua de las necesidades neurodivergentes y su entorno.<\/p><\/div><\/div>\n\n\n\n<div class=\"wp-block-uagb-info-box uagb-block-557fea61 uagb-infobox__content-wrap  uagb-infobox-icon-left uagb-infobox-left uagb-infobox-stacked-mobile uagb-infobox-image-valign-middle\"><div class=\"uagb-ifb-image-content\"><img decoding=\"async\" src=\"https:\/\/divergiendo.com\/wp-content\/uploads\/2023\/07\/laptop-3076957_1280-300x200.jpg\" alt=\"\" width=\"300\" height=\"200\" loading=\"lazy\"\/><\/div><div class=\"uagb-ifb-content\"><div class=\"uagb-ifb-title-wrap\"><h3 class=\"uagb-ifb-title\">Asesor\u00eda educativa<\/h3><\/div><p class=\"uagb-ifb-desc\">Este servicio es para familias, docentes o personas en relaci\u00f3n con neurodivergentes, que busquen orientaci\u00f3n para comprender y abordar de forma respetuosa los rasgos neurodivergentes (TDAH, autismo, AACC, etc.). Orientamos sobre: adaptaciones de regulaci\u00f3n sensorial, gesti\u00f3n de meltdowns (colapsos autistas y tdah), como comunicar el diagn\u00f3stico, adaptaciones educativas, etc. Las sesiones son de 1 h y se aportan pautas y herramientas.<\/p><\/div><\/div>\n\n\n\n<div class=\"wp-block-uagb-info-box uagb-block-51838309 uagb-infobox__content-wrap  uagb-infobox-icon-left uagb-infobox-left uagb-infobox-stacked-mobile uagb-infobox-image-valign-middle\"><div class=\"uagb-ifb-image-content\"><img decoding=\"async\" src=\"https:\/\/divergiendo.com\/wp-content\/uploads\/2023\/07\/startup-593343_1280-300x199.jpg\" alt=\"\" width=\"300\" height=\"199\" loading=\"lazy\"\/><\/div><div class=\"uagb-ifb-content\"><div class=\"uagb-ifb-title-wrap\"><h3 class=\"uagb-ifb-title\">Formaciones y charlas<\/h3><\/div><p class=\"uagb-ifb-desc\">Realizamos sesiones de formaci\u00f3n para promover la actualizaci\u00f3n desde el paradigma de la neurodiversidad. Tambi\u00e9n puedes solicitar el servicio de formaci\u00f3n o charlas para tu negocio, asociaci\u00f3n, centro educativo, etc.<\/p><\/div><\/div>\n<\/div><\/div>\n","protected":false},"excerpt":{"rendered":"<p>Servicios De neurodivergente a neurodivergente Nuestros servicios buscan mejorar la calidad de vida de las personas neurodivergentes. En ning\u00fan caso se promueven terapias o mecanismos de adaptaci\u00f3n da\u00f1inos para la persona. No solo trabajamos desde nuestros \u00e1mbitos profesionales sino tambi\u00e9n desde nuestra experiencia en primera persona como neurodivergentes , lo que nos proporciona un mayor [&hellip;]<\/p>\n","protected":false},"author":1,"featured_media":0,"parent":0,"menu_order":0,"comment_status":"closed","ping_status":"closed","template":"","meta":{"_uag_custom_page_level_css":"","site-sidebar-layout":"no-sidebar","site-content-layout":"plain-container","ast-site-content-layout":"normal-width-container","site-content-style":"unboxed","site-sidebar-style":"unboxed","ast-global-header-display":"","ast-banner-title-visibility":"","ast-main-header-display":"","ast-hfb-above-header-display":"","ast-hfb-below-header-display":"","ast-hfb-mobile-header-display":"","site-post-title":"disabled","ast-breadcrumbs-content":"","ast-featured-img":"","footer-sml-layout":"","theme-transparent-header-meta":"default","adv-header-id-meta":"","stick-header-meta":"","header-above-stick-meta":"","header-main-stick-meta":"","header-below-stick-meta":"","astra-migrate-meta-layouts":"set","ast-page-background-enabled":"default","ast-page-background-meta":{"desktop":{"background-color":"var(--ast-global-color-4)","background-image":"","background-repeat":"repeat","background-position":"center center","background-size":"auto","background-attachment":"scroll","background-type":"","background-media":"","overlay-type":"","overlay-color":"","overlay-opacity":"","overlay-gradient":""},"tablet":{"background-color":"","background-image":"","background-repeat":"repeat","background-position":"center center","background-size":"auto","background-attachment":"scroll","background-type":"","background-media":"","overlay-type":"","overlay-color":"","overlay-opacity":"","overlay-gradient":""},"mobile":{"background-color":"","background-image":"","background-repeat":"repeat","background-position":"center center","background-size":"auto","background-attachment":"scroll","background-type":"","background-media":"","overlay-type":"","overlay-color":"","overlay-opacity":"","overlay-gradient":""}},"ast-content-background-meta":{"desktop":{"background-color":"var(--ast-global-color-5)","background-image":"","background-repeat":"repeat","background-position":"center center","background-size":"auto","background-attachment":"scroll","background-type":"","background-media":"","overlay-type":"","overlay-color":"","overlay-opacity":"","overlay-gradient":""},"tablet":{"background-color":"var(--ast-global-color-5)","background-image":"","background-repeat":"repeat","background-position":"center center","background-size":"auto","background-attachment":"scroll","background-type":"","background-media":"","overlay-type":"","overlay-color":"","overlay-opacity":"","overlay-gradient":""},"mobile":{"background-color":"var(--ast-global-color-5)","background-image":"","background-repeat":"repeat","background-position":"center center","background-size":"auto","background-attachment":"scroll","background-type":"","background-media":"","overlay-type":"","overlay-color":"","overlay-opacity":"","overlay-gradient":""}},"footnotes":""},"class_list":["post-79","page","type-page","status-publish","hentry"],"uagb_featured_image_src":{"full":false,"thumbnail":false,"medium":false,"medium_large":false,"large":false,"1536x1536":false,"2048x2048":false},"uagb_author_info":{"display_name":"Divergiendo","author_link":"https:\/\/divergiendo.com\/index.php\/author\/divergiendo\/"},"uagb_comment_info":0,"uagb_excerpt":"Servicios De neurodivergente a neurodivergente Nuestros servicios buscan mejorar la calidad de vida de las personas neurodivergentes. En ning\u00fan caso se promueven terapias o mecanismos de adaptaci\u00f3n da\u00f1inos para la persona. No solo trabajamos desde nuestros \u00e1mbitos profesionales sino tambi\u00e9n desde nuestra experiencia en primera persona como neurodivergentes , lo que nos proporciona un mayor&hellip;","_links":{"self":[{"href":"https:\/\/divergiendo.com\/index.php\/wp-json\/wp\/v2\/pages\/79","targetHints":{"allow":["GET"]}}],"collection":[{"href":"https:\/\/divergiendo.com\/index.php\/wp-json\/wp\/v2\/pages"}],"about":[{"href":"https:\/\/divergiendo.com\/index.php\/wp-json\/wp\/v2\/types\/page"}],"author":[{"embeddable":true,"href":"https:\/\/divergiendo.com\/index.php\/wp-json\/wp\/v2\/users\/1"}],"replies":[{"embeddable":true,"href":"https:\/\/divergiendo.com\/index.php\/wp-json\/wp\/v2\/comments?post=79"}],"version-history":[{"count":27,"href":"https:\/\/divergiendo.com\/index.php\/wp-json\/wp\/v2\/pages\/79\/revisions"}],"predecessor-version":[{"id":3098,"href":"https:\/\/divergiendo.com\/index.php\/wp-json\/wp\/v2\/pages\/79\/revisions\/3098"}],"wp:attachment":[{"href":"https:\/\/divergiendo.com\/index.php\/wp-json\/wp\/v2\/media?parent=79"}],"curies":[{"name":"wp","href":"https:\/\/api.w.org\/{rel}","templated":true}]}}