{"id":2918,"date":"2023-07-21T10:51:29","date_gmt":"2023-07-21T10:51:29","guid":{"rendered":"https:\/\/divergiendo.com\/?page_id=2918"},"modified":"2023-07-21T14:57:18","modified_gmt":"2023-07-21T14:57:18","slug":"politica-de-privacidad","status":"publish","type":"page","link":"https:\/\/divergiendo.com\/index.php\/politica-de-privacidad\/","title":{"rendered":"Pol\u00edtica de privacidad"},"content":{"rendered":"\n<div class=\"wp-block-uagb-advanced-heading uagb-block-9c1e9999\"><h2 class=\"uagb-heading-text\">Pol\u00edtica de privacidad<\/h2><\/div>\n\n\n\n<div class=\"wp-block-uagb-info-box uagb-block-c8af804a uagb-infobox__content-wrap  uagb-infobox-icon-above-title uagb-infobox-image-valign-top\"><div class=\"uagb-ifb-content\"><div class=\"uagb-ifb-title-wrap\"><\/div><p class=\"uagb-ifb-desc\"><strong>DATOS IDENTIFICATIVOS RESPONSABLE DEL TRATAMIENTO<\/strong><br>RAZ\u00d3N SOCIAL: DIVERGIENDO, C.B.<br>NIF: E-13.950.494<br>DIRECCI\u00d3N FISCAL: RUA TEIXUGUEIRAS, 16 &#8211; PORTAL 3 ENTREPLANTA PUERTA F<br>POBLACI\u00d3N: VIGO<br>PROVINCIA: PONTEVEDRA<br>C\u00d3DIGO POSTAL: 36212<br>E-MAIL: info@divergiendo.com<br>P\u00c1GINA WEB: www.divergiendo.com<br><br><strong>Objeto<\/strong><br>La presente p\u00e1gina Web ha sido dise\u00f1ada para dar a conocer los servicios ofertados por<br>la empresa DIVERGIENDO, C.B. con CIF E-13.950.494, con domicilio social en RUA<br>TEIXUGUEIRAS, 16 &#8211; PORTAL 3 ENTREPLANTA PUERTA F 36209 &#8211; VIGO (PONTEVEDRA).<br><strong>Propiedad intelectual e industrial<\/strong><br>Los derechos de propiedad intelectual de la p\u00e1gina WWW.DIVERGIENDO.COM, su<br>c\u00f3digo fuente, dise\u00f1o, estructuras de navegaci\u00f3n y los distintos elementos en ella<br>contenidos son titularidad de DIVERGIENDO, C.B., a quien corresponde el ejercicio<br>exclusivo de los derechos de explotaci\u00f3n de los mismos en cualquier forma y, en<br>especial, los derechos de reproducci\u00f3n, distribuci\u00f3n, comunicaci\u00f3n p\u00fablica y<br>transformaci\u00f3n, de acuerdo con la legislaci\u00f3n espa\u00f1ola y de la Uni\u00f3n Europea aplicable.<br><strong>Contenidos<\/strong><br>Se facilita a trav\u00e9s de esta Web informaci\u00f3n acerca de servicios destinados a<br>conocimiento p\u00fablico que en todo caso se sujetar\u00e1n a los t\u00e9rminos y condiciones<br>expresamente detallados en cada momento y que son accesibles desde esta p\u00e1gina<br>Web, los cuales se sujetar\u00e1n a las distintas disposiciones legales de aplicaci\u00f3n.<br>Acceso y uso<br>Tanto el acceso a esta p\u00e1gina Web, como el uso que pueda hacerse de la informaci\u00f3n y<br>contenidos incluidos en la misma, ser\u00e1 de la exclusiva responsabilidad de quien lo<br>realice.<br>Las condiciones de acceso a este Web estar\u00e1n supeditadas a la legalidad vigente y los<br>principios de la buena fe y uso l\u00edcito por parte del usuario de la misma, quedando<br>prohibido con car\u00e1cter general cualquier tipo de actuaci\u00f3n en perjuicio de<br>DIVERGIENDO, C.B.<br>Se considerar\u00e1 terminantemente prohibido el uso de la presente p\u00e1gina Web con fines<br>ilegales o no autorizados.<br><strong>Responsabilidad<\/strong><br>DIVERGIENDO, C.B. no se hace responsable bajo ning\u00fan concepto por ning\u00fan tipo de<br>da\u00f1o que pudiesen ocasionar los Usuarios a la presente p\u00e1gina Web, o a cualquier otra,<br>por el uso ilegal o indebido de la misma, o de los contenidos e informaciones accesibles<br>o facilitadas a trav\u00e9s de ella..<br><strong>Servicio<\/strong><br>DIVERGIENDO, C.B. se reserva el derecho de suspender el acceso a su p\u00e1gina Web, sin<br>previo aviso, de forma discrecional y temporal, por razones t\u00e9cnicas o de cualquier otra<br>\u00edndole, pudiendo asimismo modificar unilateralmente tanto las condiciones de acceso,<br>como la totalidad o parte de los contenidos en ella incluidos.<br><strong>Generales<\/strong><br>Para toda cuesti\u00f3n litigiosa o que incumba a la P\u00e1gina Web de<br>WWW.DIVERGIENDO.COM, ser\u00e1 de aplicaci\u00f3n la legislaci\u00f3n espa\u00f1ola, siendo<br>competentes para la resoluci\u00f3n de todos los conflictos derivados o relacionados con el<br>uso de esta p\u00e1gina Web, los Juzgados y Tribunales del domicilio del usuario.<br>El acceso a la p\u00e1gina Web de WWW.DIVERGIENDO.COM implica la aceptaci\u00f3n de todas<br>las condiciones anteriormente expresadas.<br><strong>Hiperenlaces<br><\/strong>Los hiperenlaces contenidos en el sitio web de WWW.DIVERGIENDO.COM pueden dirigir<br>a p\u00e1ginas web de terceros. WWW.DIVERGIENDO.COM no asume ninguna<br>responsabilidad por el contenido, informaciones o servicios que pudieran aparecer en<br>dichos sitios, que tendr\u00e1n exclusivamente car\u00e1cter informativo y que en ning\u00fan caso<br>implican relaci\u00f3n alguna entre WWW.DIVERGIENDO.COM y a las personas o entidades<br>titulares de tales contenidos o titulares de los sitios donde se encuentren.<br><br><strong>Pol\u00edtica de Protecci\u00f3n de datos<\/strong><br><strong>Finalidad del tratamiento<\/strong><br>En funci\u00f3n del formulario que en cada caso complete el Usuario, los datos podr\u00e1n ser<br>tratados con las siguientes finalidades:<br><strong>Usuarios registrados:<\/strong> La informaci\u00f3n que nos proporcione en el formulario de<br>registro se utiliza para la gesti\u00f3n de Usuarios de la p\u00e1gina web, con el fin de que<br>pueda acceder a su perfil, consultar sus pedidos y realizar sus compras sin que<br>tenga que introducir de nuevo sus datos identificativos (nombre, apellidos,<br>email y tel\u00e9fono) y domicilio de entrega. Puede modificar la configuraci\u00f3n de su<br>perfil siempre que quiera.<br>DIVERGIENDO, C.B. no admitir\u00e1 intentos de registros falsos o que suplanten la<br>identidad de personas o empresas, el suministro de informaci\u00f3n falsa en el<br>formulario de registro implicar\u00e1 la baja autom\u00e1tica del Usuario. DIVERGIENDO,<br>C.B. se reserva el derecho de verificar la informaci\u00f3n facilitada por el Usuario<br>mediante comprobaci\u00f3n telef\u00f3nica.<br><strong>Newsletter: <\/strong>En los casos en los que nos otorgue su consentimiento seg\u00fan lo<br>previsto en el art\u00edculo 21 de la Ley de Servicios de la Sociedad de la<br>Informaci\u00f3n, utilizaremos sus datos identificativos y de contacto para enviarle<br>informaci\u00f3n sobre novedades de la p\u00e1gina web, noticias de inter\u00e9s, as\u00ed como<br>promociones y ofertas de nuestros productos y servicios. Los canales que<br>utilizamos habitualmente son: correo electr\u00f3nico, correo postal, tel\u00e9fono, SMS,<br>mensaje Push, pero solo si usted nos presta su consentimiento, y teniendo<br>siempre la posibilidad de darse de baja de manera c\u00f3moda y gratuita<br><strong>Contacto:<\/strong> Los datos personales que nos proporcione a trav\u00e9s del formulario de<br>contacto se tratar\u00e1n \u00fanicamente para atender su consulta o petici\u00f3n. La<br>informaci\u00f3n recabada se limita a datos identificativos y de contacto, as\u00ed como<br>datos relacionados con la naturaleza de la petici\u00f3n que nos dirija.<br><strong>Formulario de reclamaciones:<\/strong> Los datos personales que nos proporcione a<br>trav\u00e9s del formulario se tratar\u00e1n \u00fanicamente para atender su reclamaci\u00f3n.<br><strong>Otras finalidades:<\/strong> La informaci\u00f3n facilitada se puede utilizar ocasionalmente<br>para:<br>o Encuestas para mejorar nuestros servicios<br>o Gestionar las solicitudes de informaci\u00f3n, sugerencias y reclamaciones<br>de clientes para su gesti\u00f3n y resoluci\u00f3n.<br><strong>Plazo de conservaci\u00f3n<\/strong><br>Los datos personales proporcionados se conservar\u00e1n durante el plazo correspondiente<br>para cumplir con las obligaciones legales, mientras no se oponga al tratamiento<br>o revoque el consentimiento.<br><strong>Legitimaci\u00f3n<\/strong><br>DIVERGIENDO, C.B. est\u00e1 legitimado al tratamiento de datos personales, en base al<br>consentimiento otorgado por el interesado mediante la firma o aceptaci\u00f3n de los<br>pertinentes formularios, para uno o varios fines espec\u00edficos, tal y como recoge el art\u00edculo<br>6.1. a) del Reglamento General de Protecci\u00f3n de datos personales.<br><strong>Exactitud de los datos<\/strong><br>Por otro lado, con el fin de que los datos obrantes en nuestros ficheros, inform\u00e1ticos y\/o<br>en papel, siempre correspondan a la realidad, se tratar\u00e1 de mantener actualizados. De<br>manera que, a estos efectos, el Usuario deber\u00e1 realizar los cambios, directamente,<br>cuando as\u00ed est\u00e9 habilitado o comunic\u00e1ndose, por medio fehaciente, al \u00e1rea o<br>departamento correspondiente de DIVERGIENDO, C.B.<br>Destinatarios<br>Los datos personales no ser\u00e1n cedidos o comunicados a terceros, salvo en los supuestos<br>necesarios para el desarrollo, control y cumplimiento de la\/s finalidad\/es expresada\/s,<br>en los supuestos previstos seg\u00fan Ley.<br><strong>Derechos de los usuarios<\/strong><br>No obstante, el interesado de los datos personales en todo caso podr\u00e1 ejercitar los<br>derechos que le asisten, de acuerdo con el Reglamento General de Protecci\u00f3n de Datos,<br>y que son:<br>&#8211; Derecho a solicitar el acceso a los datos personales relativos al interesado,<br>&#8211; Derecho a solicitar su rectificaci\u00f3n o supresi\u00f3n,<br>&#8211; Derecho a solicitar la limitaci\u00f3n de su tratamiento,<br>&#8211; Derecho a oponerse al tratamiento,<br>&#8211; Derecho a la portabilidad de los datos<br>El interesado podr\u00e1 ejercitar tales derechos mediante solicitud acompa\u00f1ada de una<br>fotocopia de su D.N.I, y en la que especificar\u00e1 cu\u00e1l de \u00e9stos solicita sea satisfecho,<br>remitida a la direcci\u00f3n:<br>DIVERGIENDO, C.B.<br>E-13.950.494<br>RUA TEIXUGUEIRAS, 16 &#8211; PORTAL 3 ENTREPLANTA PUERTA F 36209 &#8211; VIGO<br>(PONTEVEDRA)<br>Correo electr\u00f3nico<br>INFO@DIVERGIENDO.COM<br><br>En caso de considerar vulnerado su derecho a la protecci\u00f3n de datos personales, podr\u00e1<br>interponer una reclamaci\u00f3n ante la Agencia Espa\u00f1ola de Protecci\u00f3n de Datos<br>(www.agpd.es).<br><strong>Medidas de seguridad<\/strong><br>Finalmente se informa que DIVERGIENDO, C.B., adoptar\u00e1 en su sistema de informaci\u00f3n<br>las medidas t\u00e9cnicas y organizativas adecuadas, dando cumplimiento al principio de<br>responsabilidad proactiva, a fin de garantizar la seguridad y confidencialidad de los datos<br>almacenados, evitando as\u00ed, su alteraci\u00f3n, p\u00e9rdida, tratamiento o acceso no autorizado;<br>teniendo en cuenta el estado de la t\u00e9cnica, los costes de aplicaci\u00f3n, y la naturaleza, el<br>alcance, el contexto y los fines del tratamiento, as\u00ed como riesgos de probabilidad y<br>gravedad variables asociadas a cada uno de los tratamientos.<\/p><\/div><\/div>\n\n\n\n<div class=\"wp-block-uagb-advanced-heading uagb-block-39af74db\"><h2 class=\"uagb-heading-text\">Aviso legal<\/h2><\/div>\n\n\n\n<p><strong>Aviso legal<\/strong><br><strong>Ley Protecci\u00f3n de Datos de Car\u00e1cter Personal<br><\/strong>De conformidad con lo establecido en Reglamento (UE) 2016\/679 del Parlamento<br>Europeo de Protecci\u00f3n de Datos de Car\u00e1cter Personal, y de la Ley Org\u00e1nica 3\/2018, de 5<br>de diciembre (LOPDGDD), se informa al Cliente\/Usuario de que los datos personales que<br>nos facilita ser\u00e1n incluidos en un Registro de Actividades titularidad de DIVERGIENDO,<br>C.B., con la finalidad de realizar una correcta gesti\u00f3n de la relaci\u00f3n comercial, as\u00ed como<br>para informarle de novedades, productos y\/o servicios tanto por medios escritos como<br>electr\u00f3nicos.<br>Vd. podr\u00e1 en cualquier momento revocar el consentimiento prestado para el env\u00edo de<br>comunicaciones comerciales electr\u00f3nicas remitiendo un correo a la<br>direcci\u00f3n INFO@DIVERGIENDO.COM<br>Finalmente, le informamos de que puede ejercer sus derechos de acceso, rectificaci\u00f3n,<br>cancelaci\u00f3n y\/u oposici\u00f3n, limitaci\u00f3n de tratamiento, y portabilidad, as\u00ed como<br>revocaci\u00f3n del consentimiento prestado, dirigi\u00e9ndose por escrito a DIVERGIENDO, C.B.<br>sita en RUA TEIXUGUEIRAS, 16 &#8211; PORTAL 3 ENTREPLANTA PUERTA F 36209 &#8211; VIGO<br>(PONTEVEDRA).<\/p>\n\n\n\n<p><strong>Ley de Servicios de la Informaci\u00f3n y Comercio Electr\u00f3nico<\/strong><br>Seg\u00fan la Ley 34\/2002, de 11 de julio, de Servicios de la Sociedad de la Informaci\u00f3n y<br>Comercio Electr\u00f3nico, se comunican los siguientes datos sobre el dominio<br>de WWW.DIVERGIENDO.COM<br><strong>Titular del Dominio<br><\/strong>DIVERGIENDO, C.B.<br>CIF: E-13.950.494<br><strong>Domicilio<br><\/strong>RUA TEIXUGUEIRAS, 16 &#8211; PORTAL 3 ENTREPLANTA PUERTA F 36209 &#8211; VIGO<br>(PONTEVEDRA)<br>Correo electr\u00f3nico<br>INFO@DIVERGIENDO.COM<br><strong>Nombre del dominio<\/strong><br>WWW.DIVERGIENDO.COM<\/p>\n\n\n\n<div class=\"wp-block-uagb-advanced-heading uagb-block-3191e7b4\"><h2 class=\"uagb-heading-text\">Pol\u00edtica de cookies<\/h2><\/div>\n\n\n\n<p class=\"has-ast-global-color-6-color has-text-color\"><br>En DIVERGIENDO, C.B. utilizamos cookies con el objetivo de prestar un mejor servicio y<br>proporcionarte una mejor experiencia en tu navegaci\u00f3n. Queremos informarte de<br>manera clara y precisa sobre las cookies que utilizamos, detallando a continuaci\u00f3n, que<br>es una cookie, para que sirve, que tipos de cookies utilizamos, cuales son su finalidad y<br>como puedes configurarlas o deshabilitarlas si as\u00ed lo deseas.<br>\u00bf<strong>Qu\u00e9 es una cookie y para qu\u00e9 sirve?<\/strong><br>Una \u00abCookie\u00bb es un peque\u00f1o archivo que se almacena en el ordenador del usuario,<br>tablet, smartphone o cualquier otro dispositivo con informaci\u00f3n sobre la navegaci\u00f3n.<br>El conjunto de \u00abcookies\u00bb de todos nuestros usuarios nos ayuda a mejorar la calidad de<br>nuestra web, permiti\u00e9ndonos controlar qu\u00e9 p\u00e1ginas son \u00fatiles, cu\u00e1les no y cu\u00e1les son<br>susceptibles de mejora.<br>Las cookies son esenciales para el funcionamiento de internet, aportando innumerables<br>ventajas en la prestaci\u00f3n de servicios interactivos, facilit\u00e1ndote la navegaci\u00f3n y<br>usabilidad de nuestra web.<br>En ning\u00fan caso las cookies podr\u00edan da\u00f1ar tu equipo. Por contra, el que est\u00e9n activas nos<br>ayuda a identificar y resolver los errores.<br>\u00bfQu\u00e9 tipos de cookies utilizamos?<br>Seg\u00fan la entidad que la gestiona:<\/p>\n\n\n\n<ul class=\"wp-block-list\">\n<li>Cookies propias: Son aquellas que se env\u00edan a tu equipo desde nuestros<br>propios equipos o dominios y desde el que prestamos el servicio que nos<br>solicitas.<\/li>\n\n\n\n<li>Cookies de terceros: Son aquellas que se env\u00edan a tu equipo desde un equipo<br>o dominio que no es gestionado por nosotros, sino por otra entidad<br>colaboradora. Como por ejemplo, las usadas por redes sociales, o por<br>contenido externo como Google Maps.<br>Seg\u00fan el plazo de tiempo que permanecen activadas:<\/li>\n\n\n\n<li>Cookies de sesi\u00f3n: Son cookies temporales que permanecen en el archivo de<br>cookies de tu navegador hasta que abandonas la p\u00e1gina web, por lo que<br>ninguna queda registrada en el disco duro de tu ordenador. La informaci\u00f3n<br>obtenida por medio de estas cookies, sirven para analizar pautas de tr\u00e1fico<br>en la web. A la larga, esto nos permite proporcionar una mejor experiencia<br>para mejorar el contenido y facilitar su uso.<\/li>\n\n\n\n<li>Cookies persistentes: son almacenadas en el disco duro y nuestra web las lee<br>cada vez que realizas una nueva visita. Una web permanente posee una fecha<br>de expiraci\u00f3n determinada. La cookie dejar\u00e1 de funcionar despu\u00e9s de esa<br>fecha. Estas cookies las utilizamos, generalmente, para facilitar los servicios<br>de compra y registro.<\/li>\n<\/ul>\n\n\n\n<p>Seg\u00fan su finalidad:<\/p>\n\n\n\n<ul class=\"wp-block-list\">\n<li>Cookies t\u00e9cnicas: Son aquellas necesarias para la navegaci\u00f3n y el buen<br>funcionamiento de nuestra p\u00e1gina web. Permiten por ejemplo, controlar el<br>tr\u00e1fico y la comunicaci\u00f3n de datos, acceder a partes de acceso restringido,<br>realizar el proceso de compra de un pedido, utilizar elementos de seguridad,<br>almacenar contenidos para poder difundir v\u00eddeos o compartir contenidos a<br>trav\u00e9s de redes sociales.<\/li>\n\n\n\n<li>Cookies de personalizaci\u00f3n: Son aqu\u00e9llas que te permiten acceder al servicio<br>con unas caracter\u00edsticas predefinidas en funci\u00f3n de una serie de criterios,<br>como por ejemplo el idioma, el tipo de navegador a trav\u00e9s del cual se accede<br>al servicio, la configuraci\u00f3n regional desde donde se accede al servicio, etc.<\/li>\n\n\n\n<li>Cookies de an\u00e1lisis: Son aqu\u00e9llas que nos permiten cuantificar el n\u00famero de<br>usuarios y as\u00ed realizar la medici\u00f3n y an\u00e1lisis estad\u00edstico de la utilizaci\u00f3n que<br>hacen los usuarios de los servicios prestados.Para ello se analiza su<br>navegaci\u00f3n en nuestra p\u00e1gina web con el fin de mejorar la oferta de<br>productos y servicios que ofrecemos.<\/li>\n\n\n\n<li>Cookies publicitarias: Son aqu\u00e9llas que permiten la gesti\u00f3n, de la forma m\u00e1s<br>eficaz posible, de los espacios publicitarios que se pudieran incluir en nuestra<br>p\u00e1gina web.<\/li>\n\n\n\n<li>Cookies de publicidad comportamental: Estas cookies almacenan<br>informaci\u00f3n del comportamiento de los usuarios obtenida a trav\u00e9s de la<br>observaci\u00f3n continuada. Gracias a ellas, podemos conocer los h\u00e1bitos de<br>navegaci\u00f3n en internet y mostrarte publicidad relacionada con tu perfil de<br>navegaci\u00f3n.<\/li>\n<\/ul>\n\n\n\n<p class=\"has-ast-global-color-2-color has-text-color\">A continuaci\u00f3n detallamos las cookies utilizadas en nuestra web y la finalidad de las<br>mismas.<br>Relaci\u00f3n de cookies utilizadas en el dominio WWW.DIVERGIENDO.COM:<br>&#8211; Propias<br>&#8211; De terceros<br>&#8211; De sesi\u00f3n<br>&#8211; Persistentes<br>Seg\u00fan su finalidad:<br>&#8211; Cookies de an\u00e1lisis<br>&#8211; Cookies de personalizaci\u00f3n<br>&#8211; Cookies t\u00e9cnicas<br>Relaci\u00f3n de terceros prestadores de servicios de cookies en el dominio<br>WWW.DIVERGIENDO.COM:<br>NOTA: Esta lista se actualizar\u00e1 con la mayor celeridad posible a medida que cambien los<br>servicios del sitio web ofrecidos en el mismo. Sin embargo, ocasionalmente durante esta<br>actualizaci\u00f3n puede ser que la lista no incluya ya una cookie, aunque siempre se referir\u00e1<br>a cookies con prop\u00f3sitos id\u00e9nticos a los registrados en esta lista.<br><strong>\u00bfC\u00f3mo puedes configurar o deshabilitar tus cookies?<\/strong><br>Puedes permitir, bloquear o eliminar las cookies instaladas en su equipo mediante la<br>configuraci\u00f3n de las opciones de tu navegador de Internet. En caso de que no permitas<br>la instalaci\u00f3n de cookies en tu navegador es posible que no puedas acceder a algunos<br>de los servicios y que tu experiencia en nuestra web pueda resultar menos satisfactoria.<br>En los siguientes enlaces tienes a tu disposici\u00f3n toda la informaci\u00f3n para configurar o<br>deshabilitar tus cookies en cada navegador:<\/p>\n\n\n\n<ul class=\"wp-block-list\">\n<li><a href=\"https:\/\/support.google.com\/chrome\/answer\/95647?hl=es\">Google Chrome<\/a><\/li>\n\n\n\n<li><a href=\"https:\/\/support.mozilla.org\/es\/kb\/habilitar-y-deshabilitar-cookies-sitios-web-rastrear-preferencias?redirectslug=habilitar-y-deshabilitar-cookies-que-los-sitios-we&amp;redirectlocale=es\">Mozilla Firefox<\/a><\/li>\n\n\n\n<li><a href=\"https:\/\/support.microsoft.com\/es-es\/windows\/eliminar-y-administrar-cookies-168dab11-0753-043d-7c16-ede5947fc64d\">Internet Explorer<\/a><\/li>\n\n\n\n<li><a href=\"https:\/\/support.apple.com\/es-es\/HT201265\">Safari<\/a><\/li>\n\n\n\n<li><a href=\"https:\/\/support.apple.com\/es-es\/HT201265\">Safari para IOS (iPhone y iPad)<\/a><\/li>\n\n\n\n<li><a href=\"https:\/\/support.google.com\/chrome\/answer\/114662?hl=es&amp;visit_id=638255478258467599-3224026704&amp;rd=1\">Chrome para Android<\/a><\/li>\n<\/ul>\n","protected":false},"excerpt":{"rendered":"<p>Pol\u00edtica de privacidad Aviso legal Aviso legalLey Protecci\u00f3n de Datos de Car\u00e1cter PersonalDe conformidad con lo establecido en Reglamento (UE) 2016\/679 del ParlamentoEuropeo de Protecci\u00f3n de Datos de Car\u00e1cter Personal, y de la Ley Org\u00e1nica 3\/2018, de 5de diciembre (LOPDGDD), se informa al Cliente\/Usuario de que los datos personales quenos facilita ser\u00e1n incluidos en un [&hellip;]<\/p>\n","protected":false},"author":1,"featured_media":0,"parent":0,"menu_order":0,"comment_status":"closed","ping_status":"closed","template":"","meta":{"_uag_custom_page_level_css":"","site-sidebar-layout":"default","site-content-layout":"","ast-site-content-layout":"","site-content-style":"default","site-sidebar-style":"default","ast-global-header-display":"","ast-banner-title-visibility":"","ast-main-header-display":"","ast-hfb-above-header-display":"","ast-hfb-below-header-display":"","ast-hfb-mobile-header-display":"","site-post-title":"disabled","ast-breadcrumbs-content":"","ast-featured-img":"","footer-sml-layout":"","theme-transparent-header-meta":"","adv-header-id-meta":"","stick-header-meta":"","header-above-stick-meta":"","header-main-stick-meta":"","header-below-stick-meta":"","astra-migrate-meta-layouts":"default","ast-page-background-enabled":"default","ast-page-background-meta":{"desktop":{"background-color":"var(--ast-global-color-4)","background-image":"","background-repeat":"repeat","background-position":"center center","background-size":"auto","background-attachment":"scroll","background-type":"","background-media":"","overlay-type":"","overlay-color":"","overlay-opacity":"","overlay-gradient":""},"tablet":{"background-color":"","background-image":"","background-repeat":"repeat","background-position":"center center","background-size":"auto","background-attachment":"scroll","background-type":"","background-media":"","overlay-type":"","overlay-color":"","overlay-opacity":"","overlay-gradient":""},"mobile":{"background-color":"","background-image":"","background-repeat":"repeat","background-position":"center center","background-size":"auto","background-attachment":"scroll","background-type":"","background-media":"","overlay-type":"","overlay-color":"","overlay-opacity":"","overlay-gradient":""}},"ast-content-background-meta":{"desktop":{"background-color":"var(--ast-global-color-5)","background-image":"","background-repeat":"repeat","background-position":"center center","background-size":"auto","background-attachment":"scroll","background-type":"","background-media":"","overlay-type":"","overlay-color":"","overlay-opacity":"","overlay-gradient":""},"tablet":{"background-color":"var(--ast-global-color-5)","background-image":"","background-repeat":"repeat","background-position":"center center","background-size":"auto","background-attachment":"scroll","background-type":"","background-media":"","overlay-type":"","overlay-color":"","overlay-opacity":"","overlay-gradient":""},"mobile":{"background-color":"var(--ast-global-color-5)","background-image":"","background-repeat":"repeat","background-position":"center center","background-size":"auto","background-attachment":"scroll","background-type":"","background-media":"","overlay-type":"","overlay-color":"","overlay-opacity":"","overlay-gradient":""}},"footnotes":""},"class_list":["post-2918","page","type-page","status-publish","hentry"],"uagb_featured_image_src":{"full":false,"thumbnail":false,"medium":false,"medium_large":false,"large":false,"1536x1536":false,"2048x2048":false},"uagb_author_info":{"display_name":"Divergiendo","author_link":"https:\/\/divergiendo.com\/index.php\/author\/divergiendo\/"},"uagb_comment_info":0,"uagb_excerpt":"Pol\u00edtica de privacidad Aviso legal Aviso legalLey Protecci\u00f3n de Datos de Car\u00e1cter PersonalDe conformidad con lo establecido en Reglamento (UE) 2016\/679 del ParlamentoEuropeo de Protecci\u00f3n de Datos de Car\u00e1cter Personal, y de la Ley Org\u00e1nica 3\/2018, de 5de diciembre (LOPDGDD), se informa al Cliente\/Usuario de que los datos personales quenos facilita ser\u00e1n incluidos en un&hellip;","_links":{"self":[{"href":"https:\/\/divergiendo.com\/index.php\/wp-json\/wp\/v2\/pages\/2918","targetHints":{"allow":["GET"]}}],"collection":[{"href":"https:\/\/divergiendo.com\/index.php\/wp-json\/wp\/v2\/pages"}],"about":[{"href":"https:\/\/divergiendo.com\/index.php\/wp-json\/wp\/v2\/types\/page"}],"author":[{"embeddable":true,"href":"https:\/\/divergiendo.com\/index.php\/wp-json\/wp\/v2\/users\/1"}],"replies":[{"embeddable":true,"href":"https:\/\/divergiendo.com\/index.php\/wp-json\/wp\/v2\/comments?post=2918"}],"version-history":[{"count":8,"href":"https:\/\/divergiendo.com\/index.php\/wp-json\/wp\/v2\/pages\/2918\/revisions"}],"predecessor-version":[{"id":2948,"href":"https:\/\/divergiendo.com\/index.php\/wp-json\/wp\/v2\/pages\/2918\/revisions\/2948"}],"wp:attachment":[{"href":"https:\/\/divergiendo.com\/index.php\/wp-json\/wp\/v2\/media?parent=2918"}],"curies":[{"name":"wp","href":"https:\/\/api.w.org\/{rel}","templated":true}]}}