{"id":2790,"date":"2023-07-15T12:07:25","date_gmt":"2023-07-15T12:07:25","guid":{"rendered":"https:\/\/divergiendo.com\/?page_id=2790"},"modified":"2025-07-13T16:05:12","modified_gmt":"2025-07-13T16:05:12","slug":"tarifas","status":"publish","type":"page","link":"https:\/\/divergiendo.com\/index.php\/tarifas\/","title":{"rendered":"Tarifas"},"content":{"rendered":"\n<div class=\"wp-block-uagb-container uagb-block-f81061c3 alignfull uagb-is-root-container\"><div class=\"uagb-container-inner-blocks-wrap\">\n<div class=\"wp-block-uagb-advanced-heading uagb-block-ca1561a2\"><h2 class=\"uagb-heading-text\">Tarifas<\/h2><\/div>\n<\/div><\/div>\n\n\n\n<div class=\"wp-block-uagb-restaurant-menu uagb-block-80c8ce60 uagb-rm__desk-column-2 uagb-rm__tablet-column-2 uagb-rm__mobile-column-1\">\n<div class=\"wp-block-uagb-restaurant-menu-child uagb-rest_menu__wrap\"><div class=\"uagb-rm__content\"><div class=\"uagb-rm-details\"><h4 class=\"uagb-rm__title\">Asesor\u00eda a neurodivergentes<\/h4><div class=\"uagb-rm__desc\">Servicio de asesoramiento sobre como solicitar la discapacidad,<br>orientar sobre sospechas diagn\u00f3sticas, etc.<\/div><span class=\"uagb-rm__price\">0\u20ac<\/span><\/div><\/div><div class=\"uagb-rm__separator\"><\/div><\/div>\n\n\n\n<div class=\"wp-block-uagb-restaurant-menu-child uagb-rest_menu__wrap\"><div class=\"uagb-rm__content\"><div class=\"uagb-rm-details\"><h4 class=\"uagb-rm__title\">Apoyo pedag\u00f3gico<\/h4><div class=\"uagb-rm__desc\">Sesiones de trabajo de desaf\u00edos de la persona: <br>gesti\u00f3n de colapsos, lecto-escritura, motricidad, etc.<\/div><span class=\"uagb-rm__price\">55\u20ac\/h<\/span><\/div><\/div><div class=\"uagb-rm__separator\"><\/div><\/div>\n\n\n\n<div class=\"wp-block-uagb-restaurant-menu-child uagb-rest_menu__wrap\"><div class=\"uagb-rm__content\"><div class=\"uagb-rm-details\"><h4 class=\"uagb-rm__title\">Psicolog\u00eda<\/h4><div class=\"uagb-rm__desc\">Sesiones acompa\u00f1amiento emocional <br>con enfoque sist\u00e9mico y neuroafirmativo.<\/div><span class=\"uagb-rm__price\">55\u20ac\/h<\/span><\/div><\/div><div class=\"uagb-rm__separator\"><\/div><\/div>\n\n\n\n<div class=\"wp-block-uagb-restaurant-menu-child uagb-rest_menu__wrap\"><div class=\"uagb-rm__content\"><div class=\"uagb-rm-details\"><h4 class=\"uagb-rm__title\">Estimulaci\u00f3n temprana<\/h4><div class=\"uagb-rm__desc\">Sesiones de 0-6 a\u00f1os para trabajar aspectos<br>motrices, cognitivos, lenguaje, etc.<\/div><span class=\"uagb-rm__price\">55\u20ac\/h<\/span><\/div><\/div><div class=\"uagb-rm__separator\"><\/div><\/div>\n\n\n\n<div class=\"wp-block-uagb-restaurant-menu-child uagb-rest_menu__wrap\"><div class=\"uagb-rm__content\"><div class=\"uagb-rm-details\"><h4 class=\"uagb-rm__title\">Evaluaci\u00f3n diagn\u00f3stica<\/h4><div class=\"uagb-rm__desc\">Evaluaci\u00f3n <strong>diagn\u00f3stica<\/strong> de sospecha de dificultades del <br>aprendizaje, TDAH, Altas Capacidades, etc. <br>Incluye: evaluaci\u00f3n, informe y recomendaciones.<\/div><span class=\"uagb-rm__price\">500\u20ac (Posibilidad a plazos)<\/span><\/div><\/div><div class=\"uagb-rm__separator\"><\/div><\/div>\n\n\n\n<div class=\"wp-block-uagb-restaurant-menu-child uagb-rest_menu__wrap\"><div class=\"uagb-rm__content\"><div class=\"uagb-rm-details\"><h4 class=\"uagb-rm__title\">Asesor\u00eda pedag\u00f3gica<\/h4><div class=\"uagb-rm__desc\">Dirigido a docentes y otras personas interesadas. <br>Asesorar sobre: adaptaciones, gesti\u00f3n de<br>colapsos, herramientas de regulaci\u00f3n, etc. <br><strong>Opci\u00f3n online<\/strong>.<\/div><span class=\"uagb-rm__price\">55\u20ac sesi\u00f3n inicial<\/span><\/div><\/div><div class=\"uagb-rm__separator\"><\/div><\/div>\n\n\n\n<div class=\"wp-block-uagb-restaurant-menu-child uagb-rest_menu__wrap\"><div class=\"uagb-rm__content\"><div class=\"uagb-rm-details\"><h4 class=\"uagb-rm__title\">Formaci\u00f3n y charlas<\/h4><div class=\"uagb-rm__desc\">Si eres una asociaci\u00f3n, empresa, centro educativo, etc., interesado en<br>este servicio, escr\u00edbenos para poder darte un presupuesto ajustado.<br>Pueden ser de forma online o presencial.<\/div><span class=\"uagb-rm__price\">Depende de: n\u00fam. de participantes, horas de formaci\u00f3n, etc.<\/span><\/div><\/div><div class=\"uagb-rm__separator\"><\/div><\/div>\n<\/div>\n\n\n\n<div class=\"inherit-container-width wp-block-group is-layout-constrained wp-block-group-is-layout-constrained\">\n<p class=\"has-ast-global-color-2-color has-text-color has-background\" style=\"background-color:#77bca9\"><strong>IMPORTANTE<\/strong><\/p>\n\n\n\n<p class=\"has-ast-global-color-2-color has-text-color\"><strong>IVA incluido<\/strong> en todas las tarifas<\/p>\n\n\n\n<p class=\"has-ast-global-color-2-color has-text-color\"><strong>Descuento:<\/strong> Si se precisa m\u00e1s de una sesi\u00f3n semanal se hace descuento del 10%. Se valorar\u00e1n las sesiones semanales necesarias.<\/p>\n\n\n\n<p class=\"has-ast-global-color-2-color has-text-color\"><strong>Tarifa reducida:<\/strong> Excepcionalmente se podr\u00e1n acoger a una reducci\u00f3n de la tarifa personas en situaci\u00f3n de dificultad econ\u00f3mica. Contacta para exponer la situaci\u00f3n y poder llegar a un acuerdo.<\/p>\n\n\n\n<p class=\"has-ast-global-color-2-color has-text-color\"><strong>Tarifa solidaria:<\/strong> De forma voluntaria, puedes decidir donar una cantidad extra para poder descontar esa cantidad a otras personas, especialmente en procesos diagn\u00f3sticos.<\/p>\n<\/div>\n\n\n\n<div style=\"height:68px\" aria-hidden=\"true\" class=\"wp-block-spacer\"><\/div>\n\n\n\n<div class=\"wp-block-uagb-info-box uagb-block-829d39d1 uagb-infobox__content-wrap  uagb-infobox-icon-above-title uagb-infobox-image-valign-top\"><div class=\"uagb-ifb-content\"><div class=\"uagb-ifb-title-wrap\"><h3 class=\"uagb-ifb-title\">M\u00e1s<\/h3><\/div><p class=\"uagb-ifb-desc\">Si tienes dudas sobre alguno de nuestros servicios o quieres m\u00e1s informaci\u00f3n sobre lo que incluye cada servicio, no dudes en contactarnos. Estaremos encantadas de explicarte todo en la v\u00eda que m\u00e1s c\u00f3moda te sea (whatsapp, llamada, etc.).<\/p><div class=\"uagb-ifb-button-wrapper wp-block-button\"><a href=\"https:\/\/divergiendo.com\/index.php\/contacto\/\" target=\"_self\" onclick=\"return true;\" class=\"uagb-infobox-cta-link\" rel=\"noopener noreferrer\"><span class=\"uagb-inline-editing\">Contacta<\/span><svg xmlns=\"https:\/\/www.w3.org\/2000\/svg\" viewBox=\"0 0 512 512\"><path d=\"M504.3 273.6l-112.1 104c-6.992 6.484-17.18 8.218-25.94 4.406c-8.758-3.812-14.42-12.45-14.42-21.1L351.9 288H32C14.33 288 .0002 273.7 .0002 255.1S14.33 224 32 224h319.9l0-72c0-9.547 5.66-18.19 14.42-22c8.754-3.809 18.95-2.075 25.94 4.41l112.1 104C514.6 247.9 514.6 264.1 504.3 273.6z\"><\/path><\/svg><\/a><\/div><\/div><\/div>\n","protected":false},"excerpt":{"rendered":"<p>Tarifas IMPORTANTE IVA incluido en todas las tarifas Descuento: Si se precisa m\u00e1s de una sesi\u00f3n semanal se hace descuento del 10%. Se valorar\u00e1n las sesiones semanales necesarias. Tarifa reducida: Excepcionalmente se podr\u00e1n acoger a una reducci\u00f3n de la tarifa personas en situaci\u00f3n de dificultad econ\u00f3mica. Contacta para exponer la situaci\u00f3n y poder llegar a [&hellip;]<\/p>\n","protected":false},"author":1,"featured_media":0,"parent":0,"menu_order":0,"comment_status":"closed","ping_status":"closed","template":"","meta":{"_uag_custom_page_level_css":"","site-sidebar-layout":"default","site-content-layout":"","ast-site-content-layout":"default","site-content-style":"default","site-sidebar-style":"default","ast-global-header-display":"","ast-banner-title-visibility":"","ast-main-header-display":"","ast-hfb-above-header-display":"","ast-hfb-below-header-display":"","ast-hfb-mobile-header-display":"","site-post-title":"disabled","ast-breadcrumbs-content":"","ast-featured-img":"","footer-sml-layout":"","theme-transparent-header-meta":"","adv-header-id-meta":"","stick-header-meta":"","header-above-stick-meta":"","header-main-stick-meta":"","header-below-stick-meta":"","astra-migrate-meta-layouts":"set","ast-page-background-enabled":"default","ast-page-background-meta":{"desktop":{"background-color":"var(--ast-global-color-4)","background-image":"","background-repeat":"repeat","background-position":"center center","background-size":"auto","background-attachment":"scroll","background-type":"","background-media":"","overlay-type":"","overlay-color":"","overlay-opacity":"","overlay-gradient":""},"tablet":{"background-color":"","background-image":"","background-repeat":"repeat","background-position":"center center","background-size":"auto","background-attachment":"scroll","background-type":"","background-media":"","overlay-type":"","overlay-color":"","overlay-opacity":"","overlay-gradient":""},"mobile":{"background-color":"","background-image":"","background-repeat":"repeat","background-position":"center center","background-size":"auto","background-attachment":"scroll","background-type":"","background-media":"","overlay-type":"","overlay-color":"","overlay-opacity":"","overlay-gradient":""}},"ast-content-background-meta":{"desktop":{"background-color":"var(--ast-global-color-5)","background-image":"","background-repeat":"repeat","background-position":"center center","background-size":"auto","background-attachment":"scroll","background-type":"","background-media":"","overlay-type":"","overlay-color":"","overlay-opacity":"","overlay-gradient":""},"tablet":{"background-color":"var(--ast-global-color-5)","background-image":"","background-repeat":"repeat","background-position":"center center","background-size":"auto","background-attachment":"scroll","background-type":"","background-media":"","overlay-type":"","overlay-color":"","overlay-opacity":"","overlay-gradient":""},"mobile":{"background-color":"var(--ast-global-color-5)","background-image":"","background-repeat":"repeat","background-position":"center center","background-size":"auto","background-attachment":"scroll","background-type":"","background-media":"","overlay-type":"","overlay-color":"","overlay-opacity":"","overlay-gradient":""}},"footnotes":""},"class_list":["post-2790","page","type-page","status-publish","hentry"],"uagb_featured_image_src":{"full":false,"thumbnail":false,"medium":false,"medium_large":false,"large":false,"1536x1536":false,"2048x2048":false},"uagb_author_info":{"display_name":"Divergiendo","author_link":"https:\/\/divergiendo.com\/index.php\/author\/divergiendo\/"},"uagb_comment_info":0,"uagb_excerpt":"Tarifas IMPORTANTE IVA incluido en todas las tarifas Descuento: Si se precisa m\u00e1s de una sesi\u00f3n semanal se hace descuento del 10%. Se valorar\u00e1n las sesiones semanales necesarias. Tarifa reducida: Excepcionalmente se podr\u00e1n acoger a una reducci\u00f3n de la tarifa personas en situaci\u00f3n de dificultad econ\u00f3mica. Contacta para exponer la situaci\u00f3n y poder llegar a&hellip;","_links":{"self":[{"href":"https:\/\/divergiendo.com\/index.php\/wp-json\/wp\/v2\/pages\/2790","targetHints":{"allow":["GET"]}}],"collection":[{"href":"https:\/\/divergiendo.com\/index.php\/wp-json\/wp\/v2\/pages"}],"about":[{"href":"https:\/\/divergiendo.com\/index.php\/wp-json\/wp\/v2\/types\/page"}],"author":[{"embeddable":true,"href":"https:\/\/divergiendo.com\/index.php\/wp-json\/wp\/v2\/users\/1"}],"replies":[{"embeddable":true,"href":"https:\/\/divergiendo.com\/index.php\/wp-json\/wp\/v2\/comments?post=2790"}],"version-history":[{"count":24,"href":"https:\/\/divergiendo.com\/index.php\/wp-json\/wp\/v2\/pages\/2790\/revisions"}],"predecessor-version":[{"id":3094,"href":"https:\/\/divergiendo.com\/index.php\/wp-json\/wp\/v2\/pages\/2790\/revisions\/3094"}],"wp:attachment":[{"href":"https:\/\/divergiendo.com\/index.php\/wp-json\/wp\/v2\/media?parent=2790"}],"curies":[{"name":"wp","href":"https:\/\/api.w.org\/{rel}","templated":true}]}}