{"id":102,"date":"2021-05-18T12:54:10","date_gmt":"2021-05-18T12:54:10","guid":{"rendered":"https:\/\/divergiendo.com\/index.php\/activities\/"},"modified":"2025-10-05T17:04:59","modified_gmt":"2025-10-05T17:04:59","slug":"activities","status":"publish","type":"page","link":"https:\/\/divergiendo.com\/index.php\/activities\/","title":{"rendered":"Anticipa tu visita"},"content":{"rendered":"\n<div class=\"wp-block-uagb-container uagb-block-76ff56d5 alignfull uagb-is-root-container\"><div class=\"uagb-container-inner-blocks-wrap\">\n<div class=\"wp-block-uagb-advanced-heading uagb-block-d6ca8a12\"><h2 class=\"uagb-heading-text\">Anticipa tu visita<\/h2><\/div>\n<\/div><\/div>\n\n\n\n<div class=\"wp-block-uagb-container uagb-block-4ea1bfe5 alignfull uagb-is-root-container\"><div class=\"uagb-container-inner-blocks-wrap\">\n<div class=\"wp-block-uagb-container uagb-block-98a606ec\">\n<div class=\"wp-block-uagb-container uagb-block-8fd5d5c1\">\n<div class=\"wp-block-uagb-image uagb-block-028b6713 wp-block-uagb-image--layout-default wp-block-uagb-image--effect-static wp-block-uagb-image--align-none\"><figure class=\"wp-block-uagb-image__figure\"><img decoding=\"async\" srcset=\"https:\/\/divergiendo.com\/wp-content\/uploads\/2023\/07\/infinity-6280756_1280-1024x512.png \" sizes=\"auto, (max-width: 480px) 150px\" src=\"https:\/\/divergiendo.com\/wp-content\/uploads\/2023\/07\/infinity-6280756_1280-1024x512.png\" alt=\"S\u00edmbolo infinito multicolor. Es el s\u00edmbolo que representa la neurodiversidad.\" class=\"uag-image-2864\" width=\"311\" height=\"156\" title=\"\" loading=\"lazy\" role=\"img\"\/><\/figure><\/div>\n<\/div>\n\n\n\n<div class=\"wp-block-uagb-container uagb-block-2730ec22\">\n<div class=\"wp-block-uagb-advanced-heading uagb-block-00bb28c1\"><h3 class=\"uagb-heading-text\">\u00bfQui\u00e9n te va a atender?<\/h3><p class=\"uagb-desc-text\">Somos tres personas al frente de este proyecto. Nos llamamos Ant\u00eda, Alba y Cris. En el apartado \u00absobre nosotras\u00bb puedes consultar nuestra formaci\u00f3n.<\/p><\/div>\n<\/div>\n<\/div>\n\n\n\n<div class=\"wp-block-uagb-container uagb-block-2d95ebc7\">\n<div class=\"wp-block-uagb-container uagb-block-b5eed04b\">\n<div class=\"wp-block-uagb-advanced-heading uagb-block-794901fe\"><h3 class=\"uagb-heading-text\">\u00bfC\u00f3mo llegar?<\/h3><p class=\"uagb-desc-text\">Nos puedes encontrar en R\u00faa Teixugueiras 19, Local 8, a pie de calle.<br>Cuentas con paradas de autob\u00fas en la misma calle, las l\u00edneas de vitrasa son: 5A y 5B.<br>Puedes aparcar en la misma calle o en las cercanas.<\/p><\/div>\n\n\n\t\t\t<div \n\t\t\tclass=\"wp-block-uagb-google-map uagb-google-map__wrap uagb-block-2676e1cd     \"\n\t\t\tstyle=\"\" >\n\t\t\t\t<embed\n\t\t\t\t\tclass=\"uagb-google-map__iframe\"\n\t\t\t\t\ttitle=\"Mapa de Google de\"\n\t\t\t\t\tsrc=\"https:\/\/maps.google.com\/maps?q=Divergiendo&#038;z=17&#038;hl=es&#038;t=m&#038;output=embed&#038;iwloc=near\"\n\t\t\t\t\twidth=\"640\"\n\t\t\t\t\theight=\"313\"\n\t\t\t\t\tloading=\"lazy\"\n\t\t\t\t><\/embed>\n\t\t\t<\/div>\n\t\t\t<\/div>\n<\/div>\n\n\n\n<div class=\"wp-block-uagb-container uagb-block-3b3e0c84\">\n<div class=\"wp-block-uagb-container uagb-block-a6dc3b67\">\n<figure style=\"margin-top:0;margin-right:0;margin-bottom:0;margin-left:0;padding-top:var(--wp--preset--spacing--20);padding-right:var(--wp--preset--spacing--20);padding-bottom:var(--wp--preset--spacing--20);padding-left:var(--wp--preset--spacing--20)\" class=\"wp-block-video\"><video height=\"832\" style=\"aspect-ratio: 464 \/ 832;\" width=\"464\" autoplay controls muted src=\"https:\/\/divergiendo.com\/wp-content\/uploads\/2025\/10\/VIDEO-2025-09-19-21-49-19.mp4\"><\/video><\/figure>\n<\/div>\n\n\n\n<div class=\"wp-block-uagb-container uagb-block-5401e4e9\">\n<div class=\"wp-block-uagb-advanced-heading uagb-block-6e29eb50\"><h3 class=\"uagb-heading-text\">\u00bfC\u00f3mo es el espacio?<\/h3><p class=\"uagb-desc-text\">Nos encontramos en una planta baja con acceso directo desde la calle, cuenta con 4 espacios, sala sensorial, sala de espera y ba\u00f1o. Las luces son blancas y procuramos que no haya ruidos fuertes. Tendr\u00e1s a tu disposici\u00f3n <em>fidgets<\/em>, canceladores de sonido y diferentes opciones para sentarse. Si necesitas alguna adaptaci\u00f3n concreta h\u00e1znoslo saber. <\/p><\/div>\n<\/div>\n<\/div>\n<\/div><\/div>\n\n\n\n<p><\/p>\n","protected":false},"excerpt":{"rendered":"<p>Anticipa tu visita \u00bfQui\u00e9n te va a atender? Somos tres personas al frente de este proyecto. Nos llamamos Ant\u00eda, Alba y Cris. En el apartado \u00absobre nosotras\u00bb puedes consultar nuestra formaci\u00f3n. \u00bfC\u00f3mo llegar? Nos puedes encontrar en R\u00faa Teixugueiras 19, Local 8, a pie de calle.Cuentas con paradas de autob\u00fas en la misma calle, las [&hellip;]<\/p>\n","protected":false},"author":1,"featured_media":0,"parent":0,"menu_order":0,"comment_status":"closed","ping_status":"closed","template":"","meta":{"_uag_custom_page_level_css":"","site-sidebar-layout":"no-sidebar","site-content-layout":"plain-container","ast-site-content-layout":"normal-width-container","site-content-style":"unboxed","site-sidebar-style":"unboxed","ast-global-header-display":"","ast-banner-title-visibility":"","ast-main-header-display":"","ast-hfb-above-header-display":"","ast-hfb-below-header-display":"","ast-hfb-mobile-header-display":"","site-post-title":"disabled","ast-breadcrumbs-content":"","ast-featured-img":"","footer-sml-layout":"","theme-transparent-header-meta":"default","adv-header-id-meta":"","stick-header-meta":"","header-above-stick-meta":"","header-main-stick-meta":"","header-below-stick-meta":"","astra-migrate-meta-layouts":"set","ast-page-background-enabled":"default","ast-page-background-meta":{"desktop":{"background-color":"var(--ast-global-color-4)","background-image":"","background-repeat":"repeat","background-position":"center center","background-size":"auto","background-attachment":"scroll","background-type":"","background-media":"","overlay-type":"","overlay-color":"","overlay-opacity":"","overlay-gradient":""},"tablet":{"background-color":"","background-image":"","background-repeat":"repeat","background-position":"center center","background-size":"auto","background-attachment":"scroll","background-type":"","background-media":"","overlay-type":"","overlay-color":"","overlay-opacity":"","overlay-gradient":""},"mobile":{"background-color":"","background-image":"","background-repeat":"repeat","background-position":"center center","background-size":"auto","background-attachment":"scroll","background-type":"","background-media":"","overlay-type":"","overlay-color":"","overlay-opacity":"","overlay-gradient":""}},"ast-content-background-meta":{"desktop":{"background-color":"var(--ast-global-color-5)","background-image":"","background-repeat":"repeat","background-position":"center center","background-size":"auto","background-attachment":"scroll","background-type":"","background-media":"","overlay-type":"","overlay-color":"","overlay-opacity":"","overlay-gradient":""},"tablet":{"background-color":"var(--ast-global-color-5)","background-image":"","background-repeat":"repeat","background-position":"center center","background-size":"auto","background-attachment":"scroll","background-type":"","background-media":"","overlay-type":"","overlay-color":"","overlay-opacity":"","overlay-gradient":""},"mobile":{"background-color":"var(--ast-global-color-5)","background-image":"","background-repeat":"repeat","background-position":"center center","background-size":"auto","background-attachment":"scroll","background-type":"","background-media":"","overlay-type":"","overlay-color":"","overlay-opacity":"","overlay-gradient":""}},"footnotes":""},"class_list":["post-102","page","type-page","status-publish","hentry"],"uagb_featured_image_src":{"full":false,"thumbnail":false,"medium":false,"medium_large":false,"large":false,"1536x1536":false,"2048x2048":false},"uagb_author_info":{"display_name":"Divergiendo","author_link":"https:\/\/divergiendo.com\/index.php\/author\/divergiendo\/"},"uagb_comment_info":0,"uagb_excerpt":"Anticipa tu visita \u00bfQui\u00e9n te va a atender? Somos tres personas al frente de este proyecto. Nos llamamos Ant\u00eda, Alba y Cris. En el apartado \u00absobre nosotras\u00bb puedes consultar nuestra formaci\u00f3n. \u00bfC\u00f3mo llegar? Nos puedes encontrar en R\u00faa Teixugueiras 19, Local 8, a pie de calle.Cuentas con paradas de autob\u00fas en la misma calle, las&hellip;","_links":{"self":[{"href":"https:\/\/divergiendo.com\/index.php\/wp-json\/wp\/v2\/pages\/102","targetHints":{"allow":["GET"]}}],"collection":[{"href":"https:\/\/divergiendo.com\/index.php\/wp-json\/wp\/v2\/pages"}],"about":[{"href":"https:\/\/divergiendo.com\/index.php\/wp-json\/wp\/v2\/types\/page"}],"author":[{"embeddable":true,"href":"https:\/\/divergiendo.com\/index.php\/wp-json\/wp\/v2\/users\/1"}],"replies":[{"embeddable":true,"href":"https:\/\/divergiendo.com\/index.php\/wp-json\/wp\/v2\/comments?post=102"}],"version-history":[{"count":19,"href":"https:\/\/divergiendo.com\/index.php\/wp-json\/wp\/v2\/pages\/102\/revisions"}],"predecessor-version":[{"id":3135,"href":"https:\/\/divergiendo.com\/index.php\/wp-json\/wp\/v2\/pages\/102\/revisions\/3135"}],"wp:attachment":[{"href":"https:\/\/divergiendo.com\/index.php\/wp-json\/wp\/v2\/media?parent=102"}],"curies":[{"name":"wp","href":"https:\/\/api.w.org\/{rel}","templated":true}]}}